{"id":49,"date":"2021-11-10T20:36:03","date_gmt":"2021-11-10T20:36:03","guid":{"rendered":"https:\/\/www.janrik.se\/?page_id=49"},"modified":"2025-03-01T20:14:58","modified_gmt":"2025-03-01T20:14:58","slug":"services","status":"publish","type":"page","link":"https:\/\/www.janrik.se\/?page_id=49","title":{"rendered":"Tj\u00e4nster"},"content":{"rendered":"\n<h1 class=\"wp-block-heading\">V\u00e5ra tj\u00e4nster<\/h1>\n\n\n\n<div class=\"wp-block-columns is-layout-flex wp-container-core-columns-is-layout-9d6595d7 wp-block-columns-is-layout-flex\">\n<div class=\"wp-block-column is-layout-flow wp-block-column-is-layout-flow\" style=\"flex-basis:100%\">\n<div class=\"wp-block-columns is-layout-flex wp-container-core-columns-is-layout-9d6595d7 wp-block-columns-is-layout-flex\">\n<div class=\"wp-block-column is-layout-flow wp-block-column-is-layout-flow\" style=\"flex-basis:100%\">\n<div class=\"wp-block-columns is-layout-flex wp-container-core-columns-is-layout-9d6595d7 wp-block-columns-is-layout-flex\">\n<div class=\"wp-block-column is-layout-flow wp-block-column-is-layout-flow\">\n<div class=\"wp-block-columns is-layout-flex wp-container-core-columns-is-layout-9d6595d7 wp-block-columns-is-layout-flex\">\n<div class=\"wp-block-column is-layout-flow wp-block-column-is-layout-flow\">\n<figure class=\"wp-block-image size-full\"><a href=\"#byggnadsprojekt\"><img loading=\"lazy\" decoding=\"async\" width=\"917\" height=\"760\" src=\"https:\/\/www.janrik.se\/wp-content\/uploads\/2021\/11\/2a-sidan-byggnadsprojekt.jpg\" alt=\"\" class=\"wp-image-115\" style=\"aspect-ratio:1;object-fit:cover\" srcset=\"https:\/\/www.janrik.se\/wp-content\/uploads\/2021\/11\/2a-sidan-byggnadsprojekt.jpg 917w, https:\/\/www.janrik.se\/wp-content\/uploads\/2021\/11\/2a-sidan-byggnadsprojekt-300x249.jpg 300w, https:\/\/www.janrik.se\/wp-content\/uploads\/2021\/11\/2a-sidan-byggnadsprojekt-768x637.jpg 768w\" sizes=\"auto, (max-width: 917px) 100vw, 917px\" \/><\/a><figcaption class=\"wp-element-caption\">Byggnadsprojekt<\/figcaption><\/figure>\n<\/div>\n\n\n\n<div class=\"wp-block-column is-layout-flow wp-block-column-is-layout-flow\">\n<figure class=\"wp-block-image size-full is-resized\"><a href=\"#specialsnickerier\"><img loading=\"lazy\" decoding=\"async\" width=\"200\" height=\"166\" src=\"https:\/\/www.janrik.se\/wp-content\/uploads\/2021\/11\/2a-sidan-specialsnickerier.jpg\" alt=\"\" class=\"wp-image-116\" style=\"aspect-ratio:1;object-fit:cover;width:auto;height:288px\"\/><\/a><figcaption class=\"wp-element-caption\">Specialsnickerier<\/figcaption><\/figure>\n<\/div>\n<\/div>\n<\/div>\n\n\n\n<div class=\"wp-block-column is-layout-flow wp-block-column-is-layout-flow\">\n<div class=\"wp-block-columns is-layout-flex wp-container-core-columns-is-layout-9d6595d7 wp-block-columns-is-layout-flex\">\n<div class=\"wp-block-column is-layout-flow wp-block-column-is-layout-flow\">\n<figure class=\"wp-block-image size-full\"><a href=\"#badrum\"><img loading=\"lazy\" decoding=\"async\" width=\"833\" height=\"691\" src=\"https:\/\/www.janrik.se\/wp-content\/uploads\/2021\/11\/2a-sidan-badrum.jpg\" alt=\"\" class=\"wp-image-114\" style=\"aspect-ratio:1;object-fit:cover\" srcset=\"https:\/\/www.janrik.se\/wp-content\/uploads\/2021\/11\/2a-sidan-badrum.jpg 833w, https:\/\/www.janrik.se\/wp-content\/uploads\/2021\/11\/2a-sidan-badrum-300x249.jpg 300w, https:\/\/www.janrik.se\/wp-content\/uploads\/2021\/11\/2a-sidan-badrum-768x637.jpg 768w\" sizes=\"auto, (max-width: 833px) 100vw, 833px\" \/><\/a><figcaption class=\"wp-element-caption\">Badrum<\/figcaption><\/figure>\n<\/div>\n\n\n\n<div class=\"wp-block-column is-layout-flow wp-block-column-is-layout-flow\">\n<figure class=\"wp-block-image size-full\"><a href=\"#tr\u00e4dg\u00e5rdsarkitektur\"><img loading=\"lazy\" decoding=\"async\" width=\"863\" height=\"762\" src=\"https:\/\/www.janrik.se\/wp-content\/uploads\/2021\/11\/2a-sidan-tradgard.jpg\" alt=\"\" class=\"wp-image-117\" style=\"aspect-ratio:1;object-fit:cover\" srcset=\"https:\/\/www.janrik.se\/wp-content\/uploads\/2021\/11\/2a-sidan-tradgard.jpg 863w, https:\/\/www.janrik.se\/wp-content\/uploads\/2021\/11\/2a-sidan-tradgard-300x265.jpg 300w, https:\/\/www.janrik.se\/wp-content\/uploads\/2021\/11\/2a-sidan-tradgard-768x678.jpg 768w\" sizes=\"auto, (max-width: 863px) 100vw, 863px\" \/><\/a><figcaption class=\"wp-element-caption\">Tr\u00e4dg\u00e5rd<\/figcaption><\/figure>\n<\/div>\n<\/div>\n<\/div>\n<\/div>\n<\/div>\n<\/div>\n<\/div>\n<\/div>\n\n\n\n<hr class=\"wp-block-separator has-css-opacity is-style-wide\"\/>\n\n\n\n<h2 class=\"wp-block-heading has-huge-font-size\" id=\"byggnadsprojekt\">Byggnadsprojekt<\/h2>\n\n\n\n<div class=\"wp-block-columns is-layout-flex wp-container-core-columns-is-layout-9d6595d7 wp-block-columns-is-layout-flex\">\n<div class=\"wp-block-column is-layout-flow wp-block-column-is-layout-flow\">\n<figure class=\"wp-block-image size-large\"><img loading=\"lazy\" decoding=\"async\" width=\"1503\" height=\"1503\" src=\"https:\/\/www.janrik.se\/wp-content\/uploads\/2022\/10\/3e-sidan-takvaning-edited-1.jpg\" alt=\"\" class=\"wp-image-299\" style=\"aspect-ratio:9\/16;object-fit:cover\" srcset=\"https:\/\/www.janrik.se\/wp-content\/uploads\/2022\/10\/3e-sidan-takvaning-edited-1.jpg 1503w, https:\/\/www.janrik.se\/wp-content\/uploads\/2022\/10\/3e-sidan-takvaning-edited-1-300x300.jpg 300w, https:\/\/www.janrik.se\/wp-content\/uploads\/2022\/10\/3e-sidan-takvaning-edited-1-1024x1024.jpg 1024w, https:\/\/www.janrik.se\/wp-content\/uploads\/2022\/10\/3e-sidan-takvaning-edited-1-150x150.jpg 150w, https:\/\/www.janrik.se\/wp-content\/uploads\/2022\/10\/3e-sidan-takvaning-edited-1-768x768.jpg 768w\" sizes=\"auto, (max-width: 1503px) 100vw, 1503px\" \/><\/figure>\n<\/div>\n\n\n\n<div class=\"wp-block-column is-layout-flow wp-block-column-is-layout-flow\">\n<figure class=\"wp-block-image size-large\"><img loading=\"lazy\" decoding=\"async\" width=\"1024\" height=\"589\" src=\"https:\/\/www.janrik.se\/wp-content\/uploads\/2021\/11\/3e-sidan-takvaningen-1024x589.jpg\" alt=\"\" class=\"wp-image-119\" style=\"aspect-ratio:16\/9;object-fit:cover\" srcset=\"https:\/\/www.janrik.se\/wp-content\/uploads\/2021\/11\/3e-sidan-takvaningen-1024x589.jpg 1024w, https:\/\/www.janrik.se\/wp-content\/uploads\/2021\/11\/3e-sidan-takvaningen-300x173.jpg 300w, https:\/\/www.janrik.se\/wp-content\/uploads\/2021\/11\/3e-sidan-takvaningen-768x442.jpg 768w, https:\/\/www.janrik.se\/wp-content\/uploads\/2021\/11\/3e-sidan-takvaningen-1536x884.jpg 1536w, https:\/\/www.janrik.se\/wp-content\/uploads\/2021\/11\/3e-sidan-takvaningen.jpg 2013w\" sizes=\"auto, (max-width: 1024px) 100vw, 1024px\" \/><\/figure>\n\n\n\n<p class=\"has-medium-font-size\">Byggnation av ett helt nytt v\u00e5ningsplan med fem arkitektritade l\u00e4genheter uppe p\u00e5 taket p\u00e5 en befintlig fastighet i centrala Stockholm.<\/p>\n<\/div>\n<\/div>\n\n\n\n<div class=\"wp-block-columns is-layout-flex wp-container-core-columns-is-layout-9d6595d7 wp-block-columns-is-layout-flex\">\n<div class=\"wp-block-column is-layout-flow wp-block-column-is-layout-flow\" style=\"flex-basis:33.33%\">\n<figure class=\"wp-block-image size-large\"><img loading=\"lazy\" decoding=\"async\" width=\"737\" height=\"1024\" src=\"https:\/\/www.janrik.se\/wp-content\/uploads\/2021\/11\/4e-sidan-Villa-utsida-737x1024.jpg\" alt=\"\" class=\"wp-image-121\" style=\"aspect-ratio:9\/16;object-fit:cover\" srcset=\"https:\/\/www.janrik.se\/wp-content\/uploads\/2021\/11\/4e-sidan-Villa-utsida-737x1024.jpg 737w, https:\/\/www.janrik.se\/wp-content\/uploads\/2021\/11\/4e-sidan-Villa-utsida-216x300.jpg 216w, https:\/\/www.janrik.se\/wp-content\/uploads\/2021\/11\/4e-sidan-Villa-utsida-768x1067.jpg 768w, https:\/\/www.janrik.se\/wp-content\/uploads\/2021\/11\/4e-sidan-Villa-utsida-1105x1536.jpg 1105w, https:\/\/www.janrik.se\/wp-content\/uploads\/2021\/11\/4e-sidan-Villa-utsida.jpg 1332w\" sizes=\"auto, (max-width: 737px) 100vw, 737px\" \/><\/figure>\n<\/div>\n\n\n\n<div class=\"wp-block-column is-layout-flow wp-block-column-is-layout-flow\" style=\"flex-basis:66.66%\">\n<figure class=\"wp-block-image size-large\"><img loading=\"lazy\" decoding=\"async\" width=\"1024\" height=\"596\" src=\"https:\/\/www.janrik.se\/wp-content\/uploads\/2021\/11\/4e-sidan-Villa-insida-1024x596.jpg\" alt=\"\" class=\"wp-image-120\" style=\"aspect-ratio:16\/9;object-fit:cover\" srcset=\"https:\/\/www.janrik.se\/wp-content\/uploads\/2021\/11\/4e-sidan-Villa-insida-1024x596.jpg 1024w, https:\/\/www.janrik.se\/wp-content\/uploads\/2021\/11\/4e-sidan-Villa-insida-300x175.jpg 300w, https:\/\/www.janrik.se\/wp-content\/uploads\/2021\/11\/4e-sidan-Villa-insida-768x447.jpg 768w, https:\/\/www.janrik.se\/wp-content\/uploads\/2021\/11\/4e-sidan-Villa-insida-1536x894.jpg 1536w, https:\/\/www.janrik.se\/wp-content\/uploads\/2021\/11\/4e-sidan-Villa-insida-2048x1192.jpg 2048w\" sizes=\"auto, (max-width: 1024px) 100vw, 1024px\" \/><\/figure>\n\n\n\n<p class=\"has-medium-font-size\">Vi bygger b\u00e5de nya moderna hus och renoverar eller bygger om \u00e4ldre villor enligt byggnadsantikvariska metoder.<\/p>\n<\/div>\n<\/div>\n\n\n\n<hr class=\"wp-block-separator has-css-opacity is-style-wide\"\/>\n\n\n\n<h2 class=\"wp-block-heading has-huge-font-size\" id=\"specialsnickerier\">Specialritade snickerier<\/h2>\n\n\n\n<div class=\"wp-block-columns is-layout-flex wp-container-core-columns-is-layout-9d6595d7 wp-block-columns-is-layout-flex\">\n<div class=\"wp-block-column is-layout-flow wp-block-column-is-layout-flow\" style=\"flex-basis:66.66%\">\n<div class=\"wp-block-columns is-layout-flex wp-container-core-columns-is-layout-9d6595d7 wp-block-columns-is-layout-flex\">\n<div class=\"wp-block-column is-layout-flow wp-block-column-is-layout-flow\">\n<figure class=\"wp-block-image size-full is-resized\"><img loading=\"lazy\" decoding=\"async\" width=\"1057\" height=\"1388\" src=\"https:\/\/www.janrik.se\/wp-content\/uploads\/2021\/11\/5e-sidan-snickerier1.jpg\" alt=\"\" class=\"wp-image-122\" style=\"aspect-ratio:3\/4;object-fit:cover;width:auto;height:530px\" srcset=\"https:\/\/www.janrik.se\/wp-content\/uploads\/2021\/11\/5e-sidan-snickerier1.jpg 1057w, https:\/\/www.janrik.se\/wp-content\/uploads\/2021\/11\/5e-sidan-snickerier1-228x300.jpg 228w, https:\/\/www.janrik.se\/wp-content\/uploads\/2021\/11\/5e-sidan-snickerier1-780x1024.jpg 780w, https:\/\/www.janrik.se\/wp-content\/uploads\/2021\/11\/5e-sidan-snickerier1-768x1008.jpg 768w\" sizes=\"auto, (max-width: 1057px) 100vw, 1057px\" \/><\/figure>\n<\/div>\n\n\n\n<div class=\"wp-block-column is-layout-flow wp-block-column-is-layout-flow\">\n<figure class=\"wp-block-image size-full is-resized\"><img loading=\"lazy\" decoding=\"async\" width=\"712\" height=\"842\" src=\"https:\/\/www.janrik.se\/wp-content\/uploads\/2021\/11\/5e-sidan-snickerier2.jpg\" alt=\"\" class=\"wp-image-123\" style=\"aspect-ratio:3\/4;object-fit:cover;width:auto;height:530px\" srcset=\"https:\/\/www.janrik.se\/wp-content\/uploads\/2021\/11\/5e-sidan-snickerier2.jpg 712w, https:\/\/www.janrik.se\/wp-content\/uploads\/2021\/11\/5e-sidan-snickerier2-254x300.jpg 254w\" sizes=\"auto, (max-width: 712px) 100vw, 712px\" \/><\/figure>\n<\/div>\n<\/div>\n\n\n\n<p class=\"has-medium-font-size\">Vi har ett eget v\u00e4lutrustat snickeri d\u00e4r vi kan tillverka specialritade inredningar; bokhyllor, hallm\u00f6bler, garderobsl\u00f6sningar, k\u00f6kssk\u00e5p, badrumskommoder, m.m.<\/p>\n\n\n\n<p class=\"has-medium-font-size\">Vi kan ocks\u00e5 tillverka nya (eller kopiera befintliga) lister, foder och socklar eller hela v\u00e4ggpaneler samt g\u00f6ra n\u00e4stan osynliga l\u00f6nnd\u00f6rrar.<\/p>\n<\/div>\n\n\n\n<div class=\"wp-block-column is-layout-flow wp-block-column-is-layout-flow\" style=\"flex-basis:33.33%\">\n<figure class=\"wp-block-image size-full is-resized\"><img loading=\"lazy\" decoding=\"async\" width=\"477\" height=\"629\" src=\"https:\/\/www.janrik.se\/wp-content\/uploads\/2021\/11\/5e-sidan-snickerier3.jpg\" alt=\"\" class=\"wp-image-124\" style=\"aspect-ratio:3\/4;object-fit:cover;width:auto;height:530px\" srcset=\"https:\/\/www.janrik.se\/wp-content\/uploads\/2021\/11\/5e-sidan-snickerier3.jpg 477w, https:\/\/www.janrik.se\/wp-content\/uploads\/2021\/11\/5e-sidan-snickerier3-228x300.jpg 228w\" sizes=\"auto, (max-width: 477px) 100vw, 477px\" \/><\/figure>\n<\/div>\n<\/div>\n\n\n\n<hr class=\"wp-block-separator has-css-opacity is-style-wide\"\/>\n\n\n\n<div class=\"wp-block-columns is-layout-flex wp-container-core-columns-is-layout-9d6595d7 wp-block-columns-is-layout-flex\">\n<div class=\"wp-block-column is-layout-flow wp-block-column-is-layout-flow\">\n<figure class=\"wp-block-image size-full is-resized\"><img loading=\"lazy\" decoding=\"async\" width=\"1422\" height=\"2125\" src=\"https:\/\/www.janrik.se\/wp-content\/uploads\/2021\/11\/6e-sidan-badrum1.jpg\" alt=\"\" class=\"wp-image-125\" style=\"aspect-ratio:3\/4;object-fit:cover;width:auto;height:625px\" srcset=\"https:\/\/www.janrik.se\/wp-content\/uploads\/2021\/11\/6e-sidan-badrum1.jpg 1422w, https:\/\/www.janrik.se\/wp-content\/uploads\/2021\/11\/6e-sidan-badrum1-201x300.jpg 201w, https:\/\/www.janrik.se\/wp-content\/uploads\/2021\/11\/6e-sidan-badrum1-685x1024.jpg 685w, https:\/\/www.janrik.se\/wp-content\/uploads\/2021\/11\/6e-sidan-badrum1-768x1148.jpg 768w, https:\/\/www.janrik.se\/wp-content\/uploads\/2021\/11\/6e-sidan-badrum1-1028x1536.jpg 1028w, https:\/\/www.janrik.se\/wp-content\/uploads\/2021\/11\/6e-sidan-badrum1-1370x2048.jpg 1370w\" sizes=\"auto, (max-width: 1422px) 100vw, 1422px\" \/><\/figure>\n<\/div>\n\n\n\n<div class=\"wp-block-column is-layout-flow wp-block-column-is-layout-flow\">\n<figure class=\"wp-block-image size-medium\"><img loading=\"lazy\" decoding=\"async\" width=\"300\" height=\"200\" src=\"https:\/\/www.janrik.se\/wp-content\/uploads\/2021\/11\/6e-sidan-badrum2-300x200.jpg\" alt=\"\" class=\"wp-image-126\" style=\"aspect-ratio:4\/3;object-fit:cover\" srcset=\"https:\/\/www.janrik.se\/wp-content\/uploads\/2021\/11\/6e-sidan-badrum2-300x200.jpg 300w, https:\/\/www.janrik.se\/wp-content\/uploads\/2021\/11\/6e-sidan-badrum2-768x513.jpg 768w, https:\/\/www.janrik.se\/wp-content\/uploads\/2021\/11\/6e-sidan-badrum2.jpg 879w\" sizes=\"auto, (max-width: 300px) 100vw, 300px\" \/><\/figure>\n\n\n\n<figure class=\"wp-block-image size-large\"><img loading=\"lazy\" decoding=\"async\" width=\"1024\" height=\"771\" src=\"https:\/\/www.janrik.se\/wp-content\/uploads\/2021\/11\/6e-sidan-badrum3-1024x771.jpg\" alt=\"\" class=\"wp-image-127\" style=\"aspect-ratio:4\/3;object-fit:cover\" srcset=\"https:\/\/www.janrik.se\/wp-content\/uploads\/2021\/11\/6e-sidan-badrum3-1024x771.jpg 1024w, https:\/\/www.janrik.se\/wp-content\/uploads\/2021\/11\/6e-sidan-badrum3-300x226.jpg 300w, https:\/\/www.janrik.se\/wp-content\/uploads\/2021\/11\/6e-sidan-badrum3-768x578.jpg 768w, https:\/\/www.janrik.se\/wp-content\/uploads\/2021\/11\/6e-sidan-badrum3.jpg 1451w\" sizes=\"auto, (max-width: 1024px) 100vw, 1024px\" \/><\/figure>\n<\/div>\n\n\n\n<div class=\"wp-block-column is-layout-flow wp-block-column-is-layout-flow\">\n<h3 class=\"wp-block-heading has-large-font-size\" id=\"badrum\">Badrum<\/h3>\n\n\n\n<p class=\"has-medium-font-size\">Vi bygger eleganta badrum f\u00f6r h\u00f6gt st\u00e4llda krav med stor noggrannhet och millimeterprecision f\u00f6r att tillgodose v\u00e5ra kunders \u00f6nskem\u00e5l.<\/p>\n<\/div>\n<\/div>\n\n\n\n<hr class=\"wp-block-separator has-css-opacity is-style-wide\"\/>\n\n\n\n<div class=\"wp-block-columns is-layout-flex wp-container-core-columns-is-layout-9d6595d7 wp-block-columns-is-layout-flex\">\n<div class=\"wp-block-column is-layout-flow wp-block-column-is-layout-flow\" style=\"flex-basis:33.33%\">\n<figure class=\"wp-block-image size-full\"><img loading=\"lazy\" decoding=\"async\" width=\"1324\" height=\"2184\" src=\"https:\/\/www.janrik.se\/wp-content\/uploads\/2021\/11\/7e-sidan-tradgard1.jpg\" alt=\"\" class=\"wp-image-128\" style=\"aspect-ratio:9\/16;object-fit:cover\" srcset=\"https:\/\/www.janrik.se\/wp-content\/uploads\/2021\/11\/7e-sidan-tradgard1.jpg 1324w, https:\/\/www.janrik.se\/wp-content\/uploads\/2021\/11\/7e-sidan-tradgard1-182x300.jpg 182w, https:\/\/www.janrik.se\/wp-content\/uploads\/2021\/11\/7e-sidan-tradgard1-621x1024.jpg 621w, https:\/\/www.janrik.se\/wp-content\/uploads\/2021\/11\/7e-sidan-tradgard1-768x1267.jpg 768w, https:\/\/www.janrik.se\/wp-content\/uploads\/2021\/11\/7e-sidan-tradgard1-931x1536.jpg 931w, https:\/\/www.janrik.se\/wp-content\/uploads\/2021\/11\/7e-sidan-tradgard1-1242x2048.jpg 1242w\" sizes=\"auto, (max-width: 1324px) 100vw, 1324px\" \/><\/figure>\n<\/div>\n\n\n\n<div class=\"wp-block-column is-layout-flow wp-block-column-is-layout-flow\" style=\"flex-basis:66.66%\">\n<p><\/p>\n\n\n\n<h3 class=\"wp-block-heading has-huge-font-size\" id=\"tr\u00e4dg\u00e5rdsarkitektur\">Tr\u00e4dg\u00e5rdsarkitektur<\/h3>\n\n\n\n<p class=\"has-medium-font-size\">Karin Janrik hj\u00e4lper Dig att f\u00f6verkliga din tr\u00e4dg\u00e5rdsdr\u00f6m. Hon \u00e4r tr\u00e4dg\u00e5rdsarkitekt och f\u00f6rfattare till boken Tr\u00e4dg\u00e5rdsform samt m\u00e5ng\u00e5rig medarbetare p\u00e5 tidsskriften Allt om Tr\u00e4dg\u00e5rd. <\/p>\n\n\n\n<p class=\"has-medium-font-size\">Karin g\u00f6r en rundvandring i din tr\u00e4dg\u00e5rd tillsammans med dig.  D\u00e4refter g\u00f6r hon en analys baserad p\u00e5 dina \u00f6nskem\u00e5l, platsens f\u00f6ruts\u00e4ttningar, husets och omgivningens karakt\u00e4r samt budget och planerad sk\u00f6tsel.<br><\/p>\n\n\n\n<div class=\"wp-block-columns is-layout-flex wp-container-core-columns-is-layout-9d6595d7 wp-block-columns-is-layout-flex\">\n<div class=\"wp-block-column is-layout-flow wp-block-column-is-layout-flow\">\n<p><\/p>\n\n\n\n<p class=\"has-medium-font-size\">Karin hj\u00e4lper dig att:<\/p>\n\n\n\n<ul class=\"wp-block-list has-medium-font-size\">\n<li>Skapa dig en vacker och l\u00e4ttsk\u00f6tt tr\u00e4dg\u00e5rd i samklang med naturen.<\/li>\n\n\n\n<li>Planera r\u00e4tt material och v\u00e4xter f\u00f6r en tidstypisk tr\u00e4dg\u00e5rd.<\/li>\n\n\n\n<li>Restaurera och f\u00f6renkla sk\u00f6tseln av en gammal tr\u00e4dg\u00e5rd.<\/li>\n\n\n\n<li>Utnyttja tomtens alla m\u00f6jligheter.<\/li>\n\n\n\n<li>Skapa olika rum i din tr\u00e4dg\u00e5rd.<\/li>\n\n\n\n<li>Uppr\u00e4tta en handlingsplan.<\/li>\n<\/ul>\n<\/div>\n\n\n\n<div class=\"wp-block-column is-layout-flow wp-block-column-is-layout-flow\">\n<figure class=\"wp-block-image size-full is-resized\"><img loading=\"lazy\" decoding=\"async\" width=\"290\" height=\"346\" src=\"https:\/\/www.janrik.se\/wp-content\/uploads\/2021\/11\/7e-sidan-tradgard2.jpg\" alt=\"\" class=\"wp-image-129\" style=\"width:auto;height:700px\" srcset=\"https:\/\/www.janrik.se\/wp-content\/uploads\/2021\/11\/7e-sidan-tradgard2.jpg 290w, https:\/\/www.janrik.se\/wp-content\/uploads\/2021\/11\/7e-sidan-tradgard2-251x300.jpg 251w\" sizes=\"auto, (max-width: 290px) 100vw, 290px\" \/><\/figure>\n<\/div>\n<\/div>\n<\/div>\n<\/div>\n","protected":false},"excerpt":{"rendered":"<p>V\u00e5ra tj\u00e4nster Byggnadsprojekt Byggnation av ett helt nytt v\u00e5ningsplan med fem arkitektritade l\u00e4genheter uppe p\u00e5 taket p\u00e5 en befintlig fastighet i centrala Stockholm. Vi bygger b\u00e5de nya moderna hus och renoverar eller bygger om \u00e4ldre villor enligt byggnadsantikvariska metoder. Specialritade snickerier Vi har ett eget v\u00e4lutrustat snickeri d\u00e4r vi kan tillverka specialritade inredningar; bokhyllor, hallm\u00f6bler, [&hellip;]<\/p>\n","protected":false},"author":1,"featured_media":0,"parent":0,"menu_order":0,"comment_status":"closed","ping_status":"closed","template":"","meta":{"footnotes":""},"class_list":["post-49","page","type-page","status-publish","hentry"],"_links":{"self":[{"href":"https:\/\/www.janrik.se\/index.php?rest_route=\/wp\/v2\/pages\/49","targetHints":{"allow":["GET"]}}],"collection":[{"href":"https:\/\/www.janrik.se\/index.php?rest_route=\/wp\/v2\/pages"}],"about":[{"href":"https:\/\/www.janrik.se\/index.php?rest_route=\/wp\/v2\/types\/page"}],"author":[{"embeddable":true,"href":"https:\/\/www.janrik.se\/index.php?rest_route=\/wp\/v2\/users\/1"}],"replies":[{"embeddable":true,"href":"https:\/\/www.janrik.se\/index.php?rest_route=%2Fwp%2Fv2%2Fcomments&post=49"}],"version-history":[{"count":83,"href":"https:\/\/www.janrik.se\/index.php?rest_route=\/wp\/v2\/pages\/49\/revisions"}],"predecessor-version":[{"id":318,"href":"https:\/\/www.janrik.se\/index.php?rest_route=\/wp\/v2\/pages\/49\/revisions\/318"}],"wp:attachment":[{"href":"https:\/\/www.janrik.se\/index.php?rest_route=%2Fwp%2Fv2%2Fmedia&parent=49"}],"curies":[{"name":"wp","href":"https:\/\/api.w.org\/{rel}","templated":true}]}}